{"id":201,"date":"2024-11-12T19:06:30","date_gmt":"2024-11-12T18:06:30","guid":{"rendered":"https:\/\/www.pankow.band\/?page_id=201"},"modified":"2025-11-29T23:02:46","modified_gmt":"2025-11-29T22:02:46","slug":"bis-zletzt","status":"publish","type":"page","link":"https:\/\/www.pankow.band\/?page_id=201","title":{"rendered":"&#8222;BIS ZULETZT&#8220;"},"content":{"rendered":"<script><br \/>\nfunction setIframeHeight() {<br \/>\n\tvar ifrm = document.getElementById(\"iframe\");<br \/>\n\tvar doc = ifrm.contentDocument? ifrm.contentDocument:<br \/>\n\t\t\tifrm.contentWindow.document;<br \/>\n\tifrm.style.visibility = 'hidden';<br \/>\n\tifrm.style.height = \"10px\";<\/p>\n<p>\tdoc = doc || document;<br \/>\n\tvar body = doc.body, html = doc.documentElement;<br \/>\n\tvar height = Math.max( body.scrollHeight, body.offsetHeight,<br \/>\n\t\t\thtml.clientHeight, html.scrollHeight, html.offsetHeight );<\/p>\n<p>\tifrm.style.height = height + 50 + \"px\";<br \/>\n\tifrm.style.visibility = 'visible';<br \/>\n\t}<br \/>\n<\/script>\n<table border=\"0\" width=\"100%\" cellspacing=\"0\" cellpadding=\"10\">\n<tbody>\n<tr>\n<td><iframe loading=\"lazy\" title=\"PANKOW | Bis Zuletzt (Offizielles Video)\" src=\"https:\/\/www.youtube.com\/embed\/TIu9-02ScTw\" width=\"100%\" height=\"315\" frameborder=\"0\" allowfullscreen=\"allowfullscreen\"><\/iframe>\n\nAndr\u00e9 Herzberg: Gesang\nAndreas Dziuk: Keyboards, Gesang\nAndr\u00e9 Drechsler: Bass\nJ\u00fcrgen Ehle: Gitarre, Gesang\nStefan Dohanetz: Schlagzeug\nJens Streifling: Saxophon\n\n<iframe loading=\"lazy\" title=\"PANKOW - das letzte Konzert - die Zugaben\" src=\"https:\/\/www.youtube.com\/embed\/2YVdffk-89I?si=qi42cOcoo5Rdj17j\" width=\"100%\" height=\"315\" frameborder=\"0\" allowfullscreen=\"allowfullscreen\"><\/iframe>\n\nAuch &#8211; und nicht zuletzt &#8211; um zu w\u00fcrdigen, was unsere lieben Fans am 13. Juli 2025 so alles auf die Beine gestellt haben, hier der komplette Zugaben-Teil unseres allerletzten Konzerts in Dresden&#8230;<\/td>\n<\/tr>\n<\/tbody>\n<\/table>\n<!-- \/wp:post-content -->","protected":false},"excerpt":{"rendered":"<p>Andr\u00e9 Herzberg: Gesang Andreas Dziuk: Keyboards, Gesang Andr\u00e9 Drechsler: Bass J\u00fcrgen Ehle: Gitarre, Gesang Stefan Dohanetz: Schlagzeug Jens Streifling: Saxophon Auch &#8211; und nicht zuletzt &#8211; um zu w\u00fcrdigen, was [&hellip;]<\/p>\n","protected":false},"author":1,"featured_media":0,"parent":0,"menu_order":0,"comment_status":"closed","ping_status":"closed","template":"blank","meta":{"_EventAllDay":false,"_EventTimezone":"","_EventStartDate":"","_EventEndDate":"","_EventStartDateUTC":"","_EventEndDateUTC":"","_EventShowMap":false,"_EventShowMapLink":false,"_EventURL":"","_EventCost":"","_EventCostDescription":"","_EventCurrencySymbol":"","_EventCurrencyCode":"","_EventCurrencyPosition":"","_EventDateTimeSeparator":"","_EventTimeRangeSeparator":"","_EventOrganizerID":[],"_EventVenueID":[],"_OrganizerEmail":"","_OrganizerPhone":"","_OrganizerWebsite":"","_VenueAddress":"","_VenueCity":"","_VenueCountry":"","_VenueProvince":"","_VenueState":"","_VenueZip":"","_VenuePhone":"","_VenueURL":"","_VenueStateProvince":"","_VenueLat":"","_VenueLng":"","_VenueShowMap":false,"_VenueShowMapLink":false,"footnotes":""},"class_list":["post-201","page","type-page","status-publish","hentry"],"_links":{"self":[{"href":"https:\/\/www.pankow.band\/index.php?rest_route=\/wp\/v2\/pages\/201","targetHints":{"allow":["GET"]}}],"collection":[{"href":"https:\/\/www.pankow.band\/index.php?rest_route=\/wp\/v2\/pages"}],"about":[{"href":"https:\/\/www.pankow.band\/index.php?rest_route=\/wp\/v2\/types\/page"}],"author":[{"embeddable":true,"href":"https:\/\/www.pankow.band\/index.php?rest_route=\/wp\/v2\/users\/1"}],"replies":[{"embeddable":true,"href":"https:\/\/www.pankow.band\/index.php?rest_route=%2Fwp%2Fv2%2Fcomments&post=201"}],"version-history":[{"count":25,"href":"https:\/\/www.pankow.band\/index.php?rest_route=\/wp\/v2\/pages\/201\/revisions"}],"predecessor-version":[{"id":396,"href":"https:\/\/www.pankow.band\/index.php?rest_route=\/wp\/v2\/pages\/201\/revisions\/396"}],"wp:attachment":[{"href":"https:\/\/www.pankow.band\/index.php?rest_route=%2Fwp%2Fv2%2Fmedia&parent=201"}],"curies":[{"name":"wp","href":"https:\/\/api.w.org\/{rel}","templated":true}]}}